{"id":3,"date":"2025-04-04T14:53:57","date_gmt":"2025-04-04T13:53:57","guid":{"rendered":"https:\/\/salvelum.com\/?page_id=3"},"modified":"2025-04-29T12:14:13","modified_gmt":"2025-04-29T11:14:13","slug":"privacy-policy","status":"publish","type":"page","link":"https:\/\/salvelum.com\/et\/privaatsuspoliitika\/","title":{"rendered":"Privaatsuspoliitika"},"content":{"rendered":"<h2 class=\"wp-block-heading\">Kes me oleme<\/h2>\n\n\n\n<p><strong class=\"privacy-policy-tutorial\">Soovituslik tekst: <\/strong>Meie veebilehe aadress on: https:\/\/salvelum.com.<\/p>\n\n\n\n<h2 class=\"wp-block-heading\">K\u00fcpsised<\/h2>\n\n\n\n<p><strong class=\"privacy-policy-tutorial\">Soovituslik tekst: <\/strong>Kui j\u00e4tate meie veebisaidil kommentaari, v\u00f5ite lubada oma nime, e-posti aadressi ja veebisaidi salvestamist k\u00fcpsistesse. Need on teie mugavuse huvides, et te ei peaks oma andmeid uuesti sisestama, kui j\u00e4tate teise kommentaari. Need k\u00fcpsised p\u00fcsivad \u00fcks aasta.<\/p>\n\n\n\n<p>Kui k\u00fclastate meie sisselogimislehte, seame ajutise k\u00fcpsise, et teha kindlaks, kas teie brauser aktsepteerib k\u00fcpsiseid. See k\u00fcpsis ei sisalda isikuandmeid ja see h\u00e4vitatakse, kui sulgete oma brauseri.<\/p>\n\n\n\n<p>Kui logite sisse, seame ka mitu k\u00fcpsist, et salvestada teie sisselogimise andmed ja ekraanivalikud. Sisselogimisk\u00fcpsised p\u00fcsivad kaks p\u00e4eva ja ekraanivalikute k\u00fcpsised p\u00fcsivad aasta. Kui valite \"M\u00e4leta mind\", j\u00e4\u00e4b teie sisselogimine alles kaheks n\u00e4dalaks. Kui logite oma kontost v\u00e4lja, eemaldatakse sisselogimisk\u00fcpsised.<\/p>\n\n\n\n<p>Kui te artiklit redigeerite v\u00f5i avaldate, salvestatakse teie brauserisse t\u00e4iendav k\u00fcpsis. See k\u00fcpsis ei sisalda mingeid isikuandmeid ja n\u00e4itab lihtsalt teie poolt \u00e4sja redigeeritud artikli postituse ID-d. See aegub 1 p\u00e4eva p\u00e4rast.<\/p>\n\n\n\n<h2 class=\"wp-block-heading\">Sisseehitatud sisu teistelt veebisaitidelt<\/h2>\n\n\n\n<p><strong class=\"privacy-policy-tutorial\">Soovituslik tekst: <\/strong>Selle saidi artiklid v\u00f5ivad sisaldada varjatud sisu (nt videod, pildid, artiklid jne). Teiste veebisaitide sisseehitatud sisu k\u00e4itub t\u00e4pselt samamoodi, nagu oleks k\u00fclastaja k\u00fclastanud teist veebisaiti.<\/p>\n\n\n\n<p>Need veebisaidid v\u00f5ivad koguda teie kohta andmeid, kasutada k\u00fcpsiseid, varjata t\u00e4iendavat kolmanda osapoole j\u00e4lgimist ja j\u00e4lgida teie suhtlemist selle varjatud sisuga, sealhulgas j\u00e4lgida teie suhtlemist varjatud sisuga, kui teil on konto ja olete sellele veebisaidile sisse logitud.<\/p>\n\n\n\n<h2 class=\"wp-block-heading\">Kellega me teie andmeid jagame<\/h2>\n\n\n\n<p><strong class=\"privacy-policy-tutorial\">Soovituslik tekst: <\/strong>Kui taotlete parooli l\u00e4htestamist, lisatakse teie IP-aadress l\u00e4htestamise e-kirjale.<\/p>\n\n\n\n<h2 class=\"wp-block-heading\">Kui kaua me teie andmeid s\u00e4ilitame<\/h2>\n\n\n\n<p><strong class=\"privacy-policy-tutorial\">Soovituslik tekst: <\/strong>Kui j\u00e4tate kommentaari, s\u00e4ilitatakse kommentaar ja selle metaandmed m\u00e4\u00e4ramata ajaks. See on vajalik selleks, et me saaksime automaatselt \u00e4ra tunda ja heaks kiita k\u00f5ik j\u00e4relkommentaarid, selle asemel, et hoida neid modereerimise j\u00e4rjekorras.<\/p>\n\n\n\n<p>Kasutajate puhul, kes registreeruvad meie veebisaidil (kui neid on), salvestame ka nende poolt esitatud isikuandmeid nende kasutajaprofiilis. K\u00f5ik kasutajad saavad oma isikuandmeid igal ajal n\u00e4ha, muuta v\u00f5i kustutada (v\u00e4lja arvatud kasutajanime ei saa nad muuta). Veebisaidi administraatorid saavad samuti seda teavet n\u00e4ha ja muuta.<\/p>\n\n\n\n<h2 class=\"wp-block-heading\">Millised \u00f5igused teil on oma andmete suhtes<\/h2>\n\n\n\n<p><strong class=\"privacy-policy-tutorial\">Soovituslik tekst: <\/strong>Kui teil on sellel veebisaidil konto v\u00f5i olete j\u00e4tnud kommentaare, v\u00f5ite taotleda eksporditud faili teie kohta hoitavatest isikuandmetest, sealhulgas k\u00f5igist teie poolt meile esitatud andmetest. Samuti v\u00f5ite taotleda, et me kustutaksime teie kohta s\u00e4ilitatavad isikuandmed. See ei h\u00f5lma andmeid, mida me oleme kohustatud s\u00e4ilitama haldus-, \u00f5igus- v\u00f5i julgeolekueesm\u00e4rkidel.<\/p>\n\n\n\n<h2 class=\"wp-block-heading\">Kuhu teie andmed saadetakse<\/h2>\n\n\n\n<p><strong class=\"privacy-policy-tutorial\">Soovituslik tekst: <\/strong>K\u00fclastajate kommentaare v\u00f5idakse kontrollida automaatse r\u00e4mpsposti tuvastamise teenuse kaudu.<\/p>","protected":false},"excerpt":{"rendered":"<p>Who we are Suggested text: Our website address is: https:\/\/salvelum.com. Cookies Suggested text: If you leave a comment on our site you may opt in to saving your name, email address and website in cookies. These are for your convenience so that you do not have to fill in your details again when you leave [&hellip;]<\/p>\n","protected":false},"author":1,"featured_media":0,"parent":0,"menu_order":0,"comment_status":"closed","ping_status":"open","template":"","meta":{"om_disable_all_campaigns":false,"inline_featured_image":false,"_monsterinsights_skip_tracking":false,"_monsterinsights_sitenote_active":false,"_monsterinsights_sitenote_note":"","_monsterinsights_sitenote_category":0,"footnotes":""},"class_list":["post-3","page","type-page","status-publish","hentry"],"aioseo_notices":[],"_links":{"self":[{"href":"https:\/\/salvelum.com\/et\/wp-json\/wp\/v2\/pages\/3","targetHints":{"allow":["GET"]}}],"collection":[{"href":"https:\/\/salvelum.com\/et\/wp-json\/wp\/v2\/pages"}],"about":[{"href":"https:\/\/salvelum.com\/et\/wp-json\/wp\/v2\/types\/page"}],"author":[{"embeddable":true,"href":"https:\/\/salvelum.com\/et\/wp-json\/wp\/v2\/users\/1"}],"replies":[{"embeddable":true,"href":"https:\/\/salvelum.com\/et\/wp-json\/wp\/v2\/comments?post=3"}],"version-history":[{"count":1,"href":"https:\/\/salvelum.com\/et\/wp-json\/wp\/v2\/pages\/3\/revisions"}],"predecessor-version":[{"id":3306,"href":"https:\/\/salvelum.com\/et\/wp-json\/wp\/v2\/pages\/3\/revisions\/3306"}],"wp:attachment":[{"href":"https:\/\/salvelum.com\/et\/wp-json\/wp\/v2\/media?parent=3"}],"curies":[{"name":"wp","href":"https:\/\/api.w.org\/{rel}","templated":true}]}}