{"id":32,"date":"2025-01-02T05:14:10","date_gmt":"2025-01-02T05:14:10","guid":{"rendered":"https:\/\/vernex-wp.egenstheme.com\/?page_id=32"},"modified":"2025-05-14T13:40:17","modified_gmt":"2025-05-14T12:40:17","slug":"services","status":"publish","type":"page","link":"https:\/\/salvelum.com\/et\/teenused\/","title":{"rendered":"Teenused"},"content":{"rendered":"<div data-elementor-type=\"wp-page\" data-elementor-id=\"32\" class=\"elementor elementor-32\">\n\t\t\t\t<div class=\"elementor-element elementor-element-062a0f3 e-con-full e-flex e-con e-parent\" data-id=\"062a0f3\" data-element_type=\"container\" data-e-type=\"container\">\n\t\t\t\t<div class=\"elementor-element elementor-element-c2d1706 elementor-widget elementor-widget-vernex_service\" data-id=\"c2d1706\" data-element_type=\"widget\" data-e-type=\"widget\" data-widget_type=\"vernex_service.default\">\n\t\t\t\t<div class=\"elementor-widget-container\">\n\t\t\t\t\t\n        \n\n                    <div class=\"home1-service-section\">\n                <div class=\"container\">\n                    <div class=\"row justify-content-between align-items-end mb-80 wow animate fadeInDown\" data-wow-delay=\"200ms\" data-wow-duration=\"1500ms\">\n                        <div class=\"col-lg-4\">\n                            <div class=\"section-title\">\n                                                                    <span>Meie ehitusteenused<\/span>\n                                                                                                    <h2>EHITAME KOOS MEIEGA.<\/h2>\n                                                            <\/div>\n                        <\/div>\n                                                    <div class=\"col-lg-4\">\n                                <div class=\"section-content\">\n                                    <p>Meie professionaalsus on meie edu alus. Me usume, et iga projekt, millega me tegeleme, n\u00f5uab t\u00e4helepanu ja t\u00e4psust igas etapis. Me hindame pikaajalisi suhteid oma klientidega ja p\u00fc\u00fcame tagada, et iga koost\u00f6\u00f6 tooks t\u00f5elist v\u00e4\u00e4rtust.<\/p>\n                                <\/div>\n                            <\/div>\n                                            <\/div>\n                    <div class=\"row mb-70\">\n                        <div class=\"col-lg-12\">\n                            <ul class=\"sevices-wrap\">\n                                                                    <li class=\"single-services mb-20 wow animate fadeInDown\" data-wow-delay=\"200ms\" data-wow-duration=\"1500ms\">\n                                                                                    <h3><a href=\"https:\/\/salvelum.com\/et\/teenused\/toostuslik-isolatsioon\/\">T\u00f6\u00f6stuslik <span>Isolatsioon<\/span><\/a><\/h3>\n                                                                                <div class=\"content\">\n                                                                                            <p>Pakume professionaalseid soojusisolatsiooniteenuseid erineva keerukusega projektidele: alates tehastest ja tehastest kuni suurte t\u00f6\u00f6stuskompleksideni. <\/p>\n                                                                                        <ul class=\"tag-list\">\n                                                                                                    <li>\n                                                        \t\t\t\t\t\t\t\t\t\t\t\t\t\t<a href=\"https:\/\/salvelum.com\/et\/teenused\/toostuslik-isolatsioon\/\">lehtmetallist elemendid<\/a> \n                                                                                                    <li>\n                                                        \t\t\t\t\t\t\t\t\t\t\t\t\t\t<a href=\"https:\/\/salvelum.com\/et\/teenused\/toostuslik-isolatsioon\/\">torustikud<\/a> \n                                                                                                    <li>\n                                                        \t\t\t\t\t\t\t\t\t\t\t\t\t\t<a href=\"https:\/\/salvelum.com\/et\/teenused\/toostuslik-isolatsioon\/\">mahutid<\/a> \n                                                                                                    <li>\n                                                        \t\t\t\t\t\t\t\t\t\t\t\t\t\t<a href=\"https:\/\/salvelum.com\/et\/teenused\/toostuslik-isolatsioon\/\">katlad<\/a> \n                                                                                                    <li>\n                                                        \t\t\t\t\t\t\t\t\t\t\t\t\t\t<a href=\"https:\/\/salvelum.com\/et\/teenused\/toostuslik-isolatsioon\/\">metallkonstruktsioonid<\/a> \n                                                                                                    <li>\n                                                        \t\t\t\t\t\t\t\t\t\t\t\t\t\t<a href=\"https:\/\/salvelum.com\/et\/teenused\/toostuslik-isolatsioon\/\">sandwich-paneelid<\/a> \n                                                                                                    <li>\n                                                        \t\t\t\t\t\t\t\t\t\t\t\t\t\t<a href=\"https:\/\/salvelum.com\/et\/teenused\/toostuslik-isolatsioon\/\">seadmed<\/a> \n                                                                                                    <li>\n                                                        \t\t\t\t\t\t\t\t\t\t\t\t\t\t<a href=\"https:\/\/salvelum.com\/et\/teenused\/toostuslik-isolatsioon\/\">viilkatused<\/a> \n                                                                                            <\/ul>\n                                        <\/div>\n                                                                                    <div class=\"button-area\">\n                                                <a href=\"https:\/\/salvelum.com\/et\/teenused\/toostuslik-isolatsioon\/\">\n                                                    <i class=\"bi bi-arrow-right\"><\/i>\n                                                <\/a>\n                                            <\/div>\n                                                                            <\/li>\n                                                                    <li class=\"single-services mb-20 wow animate fadeInDown\" data-wow-delay=\"200ms\" data-wow-duration=\"1500ms\">\n                                                                                    <h3><a href=\"https:\/\/salvelum.com\/et\/teenused\/tellingute-kokkupanek-ja-demonteerimine\/\">Tellingute kokkupanek <span>ja demonteerimine<\/span><\/a><\/h3>\n                                                                                <div class=\"content\">\n                                                                                            <p>Professionaalsed ja ohutud tellingute montaa\u017e\/demonteerimine. Tagame juurdep\u00e4\u00e4su t\u00f6\u00f6aladele igal objektil, kiirendame t\u00f6\u00f6\u00fclesandeid ja v\u00e4hendame riske.<\/p>\n                                                                                        <ul class=\"tag-list\">\n                                                                                                    <li>\n                                                        \t\t\t\t\t\t\t\t\t\t\t\t\t\t<a href=\"https:\/\/salvelum.com\/et\/teenused\/tellingute-kokkupanek-ja-demonteerimine\/\">Tellingute kokkupanek<\/a> \n                                                                                            <\/ul>\n                                        <\/div>\n                                                                                    <div class=\"button-area\">\n                                                <a href=\"https:\/\/salvelum.com\/et\/teenused\/tellingute-kokkupanek-ja-demonteerimine\/\">\n                                                    <i class=\"bi bi-arrow-right\"><\/i>\n                                                <\/a>\n                                            <\/div>\n                                                                            <\/li>\n                                                                    <li class=\"single-services mb-20 wow animate fadeInDown\" data-wow-delay=\"200ms\" data-wow-duration=\"1500ms\">\n                                                                                    <h3><a href=\"https:\/\/salvelum.com\/et\/teenused\/keevitusteenused\/\">Keevitamine <span>Teenused<\/span><\/a><\/h3>\n                                                                                <div class=\"content\">\n                                                                                            <p>Pakume k\u00f5iki keevitusteenuseid - alates v\u00e4iksematest remondit\u00f6\u00f6dest kuni keeruliste t\u00f6\u00f6stuslike paigaldusteni. T\u00f6\u00f6tame k\u00f5igi peamiste keevitusmeetoditega ja j\u00e4rgime rangelt ohutusn\u00f5udeid.<\/p>\n                                                                                        <ul class=\"tag-list\">\n                                                                                                    <li>\n                                                        \t\t\t\t\t\t\t\t\t\t\t\t\t\t<a href=\"https:\/\/salvelum.com\/et\/teenused\/keevitusteenused\/\">K\u00e4sitsi kaarkeevitus (MMA)<\/a> \n                                                                                                    <li>\n                                                        \t\t\t\t\t\t\t\t\t\t\t\t\t\t<a href=\"https:\/\/salvelum.com\/et\/teenused\/keevitusteenused\/\">Poolautomaatne keevitus (MIG\/MAG)<\/a> \n                                                                                                    <li>\n                                                        \t\t\t\t\t\t\t\t\t\t\t\t\t\t<a href=\"https:\/\/salvelum.com\/et\/teenused\/keevitusteenused\/\">Volframi inertgaasiga keevitamine (TIG)<\/a> \n                                                                                                    <li>\n                                                        \t\t\t\t\t\t\t\t\t\t\t\t\t\t<a href=\"https:\/\/salvelum.com\/et\/teenused\/keevitusteenused\/\">torustikud<\/a> \n                                                                                                    <li>\n                                                        \t\t\t\t\t\t\t\t\t\t\t\t\t\t<a href=\"https:\/\/salvelum.com\/et\/teenused\/keevitusteenused\/\">mahutid<\/a> \n                                                                                                    <li>\n                                                        \t\t\t\t\t\t\t\t\t\t\t\t\t\t<a href=\"https:\/\/salvelum.com\/et\/teenused\/keevitusteenused\/\">metallkonstruktsioonid<\/a> \n                                                                                                    <li>\n                                                        \t\t\t\t\t\t\t\t\t\t\t\t\t\t<a href=\"https:\/\/salvelum.com\/et\/teenused\/keevitusteenused\/\">mittestandardsed \u00fchendused<\/a> \n                                                                                                    <li>\n                                                        \t\t\t\t\t\t\t\t\t\t\t\t\t\t<a href=\"https:\/\/salvelum.com\/et\/teenused\/keevitusteenused\/\">komponendid<\/a> \n                                                                                                    <li>\n                                                        \t\t\t\t\t\t\t\t\t\t\t\t\t\t<a href=\"https:\/\/salvelum.com\/et\/teenused\/keevitusteenused\/\">Keevisliidete kvaliteedikontroll<\/a> \n                                                                                            <\/ul>\n                                        <\/div>\n                                                                                    <div class=\"button-area\">\n                                                <a href=\"https:\/\/salvelum.com\/et\/teenused\/keevitusteenused\/\">\n                                                    <i class=\"bi bi-arrow-right\"><\/i>\n                                                <\/a>\n                                            <\/div>\n                                                                            <\/li>\n                                                                    <li class=\"single-services mb-20 wow animate fadeInDown\" data-wow-delay=\"200ms\" data-wow-duration=\"1500ms\">\n                                                                                    <h3><a href=\"https:\/\/salvelum.com\/et\/teenused\/elektripaigaldusteenused\/\">Elektripaigaldis  <span>Teenused<\/span><\/a><\/h3>\n                                                                                <div class=\"content\">\n                                                                                            <p>P\u00f5hjalikud elektripaigaldusteenused - alates kaablite marsruutimisest kuni tootmise automatiseerimiseni. Me t\u00f6\u00f6tame mis tahes ulatusega projektide kallal.<\/p>\n                                                                                        <ul class=\"tag-list\">\n                                                                                                    <li>\n                                                        \t\t\t\t\t\t\t\t\t\t\t\t\t\t<a href=\"https:\/\/salvelum.com\/et\/teenused\/elektripaigaldusteenused\/\">elektriseadmed<\/a> \n                                                                                                    <li>\n                                                        \t\t\t\t\t\t\t\t\t\t\t\t\t\t<a href=\"https:\/\/salvelum.com\/et\/teenused\/elektripaigaldusteenused\/\">Valgustuss\u00fcsteemid<\/a> \n                                                                                                    <li>\n                                                        \t\t\t\t\t\t\t\t\t\t\t\t\t\t<a href=\"https:\/\/salvelum.com\/et\/teenused\/elektripaigaldusteenused\/\">Kaablitrass<\/a> \n                                                                                                    <li>\n                                                        \t\t\t\t\t\t\t\t\t\t\t\t\t\t<a href=\"https:\/\/salvelum.com\/et\/teenused\/elektripaigaldusteenused\/\">Kaabli marsruut<\/a> \n                                                                                                    <li>\n                                                        \t\t\t\t\t\t\t\t\t\t\t\t\t\t<a href=\"https:\/\/salvelum.com\/et\/teenused\/elektripaigaldusteenused\/\">Automaatikas\u00fcsteemid (PLC\/SCADA)<\/a> \n                                                                                                    <li>\n                                                        \t\t\t\t\t\t\t\t\t\t\t\t\t\t<a href=\"https:\/\/salvelum.com\/et\/teenused\/elektripaigaldusteenused\/\">K\u00fcttes\u00fcsteem<\/a> \n                                                                                                    <li>\n                                                        \t\t\t\t\t\t\t\t\t\t\t\t\t\t<a href=\"https:\/\/salvelum.com\/et\/teenused\/elektripaigaldusteenused\/\">Maandus<\/a> \n                                                                                                    <li>\n                                                        \t\t\t\t\t\t\t\t\t\t\t\t\t\t<a href=\"https:\/\/salvelum.com\/et\/teenused\/elektripaigaldusteenused\/\">piksekaitse<\/a> \n                                                                                                    <li>\n                                                        \t\t\t\t\t\t\t\t\t\t\t\t\t\t<a href=\"https:\/\/salvelum.com\/et\/teenused\/elektripaigaldusteenused\/\">Diagnostika<\/a> \n                                                                                                    <li>\n                                                        \t\t\t\t\t\t\t\t\t\t\t\t\t\t<a href=\"https:\/\/salvelum.com\/et\/teenused\/elektripaigaldusteenused\/\">hooldus<\/a> \n                                                                                            <\/ul>\n                                        <\/div>\n                                                                                    <div class=\"button-area\">\n                                                <a href=\"https:\/\/salvelum.com\/et\/teenused\/elektripaigaldusteenused\/\">\n                                                    <i class=\"bi bi-arrow-right\"><\/i>\n                                                <\/a>\n                                            <\/div>\n                                                                            <\/li>\n                                                                    <li class=\"single-services mb-20 wow animate fadeInDown\" data-wow-delay=\"200ms\" data-wow-duration=\"1500ms\">\n                                                                                    <h3><a href=\"https:\/\/salvelum.com\/et\/teenused\/vundament-ja-betoonitood\/\">Sihtasutus ja <span>Betoonit\u00f6\u00f6d<\/span><\/a><\/h3>\n                                                                                <div class=\"content\">\n                                                                                            <p>Teostame igat liiki vundamendi- ja betoonit\u00f6id, s\u00f5ltumata nende keerukusest. Kasutame usaldusv\u00e4\u00e4rseid materjale ja t\u00f5estatud tehnoloogiaid, j\u00e4rgides rangelt ehitusstandardeid.<\/p>\n                                                                                        <ul class=\"tag-list\">\n                                                                                                    <li>\n                                                        \t\t\t\t\t\t\t\t\t\t\t\t\t\t<a href=\"https:\/\/salvelum.com\/et\/teenused\/vundament-ja-betoonitood\/\">Vundamendit\u00f6\u00f6d<\/a> \n                                                                                                    <li>\n                                                        \t\t\t\t\t\t\t\t\t\t\t\t\t\t<a href=\"https:\/\/salvelum.com\/et\/teenused\/vundament-ja-betoonitood\/\">tugevdamine<\/a> \n                                                                                                    <li>\n                                                        \t\t\t\t\t\t\t\t\t\t\t\t\t\t<a href=\"https:\/\/salvelum.com\/et\/teenused\/vundament-ja-betoonitood\/\">Igasugused betoonit\u00f6\u00f6d<\/a> \n                                                                                            <\/ul>\n                                        <\/div>\n                                                                                    <div class=\"button-area\">\n                                                <a href=\"https:\/\/salvelum.com\/et\/teenused\/vundament-ja-betoonitood\/\">\n                                                    <i class=\"bi bi-arrow-right\"><\/i>\n                                                <\/a>\n                                            <\/div>\n                                                                            <\/li>\n                                                                    <li class=\"single-services mb-20 wow animate fadeInDown\" data-wow-delay=\"200ms\" data-wow-duration=\"1500ms\">\n                                                                                    <h3><a href=\"https:\/\/salvelum.com\/et\/teenused\/ehitusplatsi-puhastamine\/\">Ehitus <span>Saidi puhastamine<\/span><\/a><\/h3>\n                                                                                <div class=\"content\">\n                                                                                            <p>P\u00f5hjalik ehitusplatsi puhastamine k\u00f5igis t\u00f6\u00f6etappides. Kiire ja ohutu j\u00e4\u00e4tmete k\u00f5rvaldamine vastavalt sanitaarnormidele.<\/p>\n                                                                                        <ul class=\"tag-list\">\n                                                                                                    <li>\n                                                        \t\t\t\t\t\t\t\t\t\t\t\t\t\t<a href=\"https:\/\/salvelum.com\/et\/teenused\/ehitusplatsi-puhastamine\/\">Efektiivsus<\/a> \n                                                                                                    <li>\n                                                        \t\t\t\t\t\t\t\t\t\t\t\t\t\t<a href=\"https:\/\/salvelum.com\/et\/teenused\/ehitusplatsi-puhastamine\/\">t\u00e4psus<\/a> \n                                                                                                    <li>\n                                                        \t\t\t\t\t\t\t\t\t\t\t\t\t\t<a href=\"https:\/\/salvelum.com\/et\/teenused\/ehitusplatsi-puhastamine\/\">Vastavus sanitaarsetele n\u00f5uetele<\/a> \n                                                                                                    <li>\n                                                        \t\t\t\t\t\t\t\t\t\t\t\t\t\t<a href=\"https:\/\/salvelum.com\/et\/teenused\/ehitusplatsi-puhastamine\/\">keskkonnastandardid<\/a> \n                                                                                                    <li>\n                                                        \t\t\t\t\t\t\t\t\t\t\t\t\t\t<a href=\"https:\/\/salvelum.com\/et\/teenused\/ehitusplatsi-puhastamine\/\">Korra s\u00e4ilitamine kogu ehitusprotsessi v\u00e4ltel<\/a> \n                                                                                            <\/ul>\n                                        <\/div>\n                                                                                    <div class=\"button-area\">\n                                                <a href=\"https:\/\/salvelum.com\/et\/teenused\/ehitusplatsi-puhastamine\/\">\n                                                    <i class=\"bi bi-arrow-right\"><\/i>\n                                                <\/a>\n                                            <\/div>\n                                                                            <\/li>\n                                                            <\/ul>\n                        <\/div>\n                    <\/div>\n                                            <div class=\"row\">\n                            <div class=\"col-lg-12 d-flex justify-content-center\">\n                                <a href=\"https:\/\/salvelum.com\/et\/kontakt\/\" class=\"primary-btn2 bounce_up\">\n                                    <span>\n                                        V\u00d5TA MEIEGA \u00dcHENDUST                                        <svg viewbox=\"0 0 13 20\">\n                                            <polyline points=\"0.5 19.5 3 19.5 12.5 10 3 0.5\"><\/polyline>\n                                        <\/svg>\n                                    <\/span>\n                                <\/a>\n                            <\/div>\n                        <\/div>\n                                    <\/div>\n            <\/div>\n        \n        \n        \n        \n        \n        \n\n\n\t\t\t\t<\/div>\n\t\t\t\t<\/div>\n\t\t\t\t<\/div>\n\t\t\t\t<\/div>","protected":false},"excerpt":{"rendered":"<p>Our Construction Services LET&#039;S BUILD WITH US. Our professionalism is the foundation of our success. We believe that every project we commit to requires attention and precision at every stage. We value long-term relationships with our clients and strive to ensure that every collaboration brings real value. Industrial Insulation We offer professional thermal insulation services [&hellip;]<\/p>\n","protected":false},"author":1,"featured_media":0,"parent":0,"menu_order":0,"comment_status":"closed","ping_status":"closed","template":"","meta":{"om_disable_all_campaigns":false,"inline_featured_image":false,"_monsterinsights_skip_tracking":false,"_monsterinsights_sitenote_active":false,"_monsterinsights_sitenote_note":"","_monsterinsights_sitenote_category":0,"footnotes":""},"class_list":["post-32","page","type-page","status-publish","hentry"],"aioseo_notices":[],"_links":{"self":[{"href":"https:\/\/salvelum.com\/et\/wp-json\/wp\/v2\/pages\/32","targetHints":{"allow":["GET"]}}],"collection":[{"href":"https:\/\/salvelum.com\/et\/wp-json\/wp\/v2\/pages"}],"about":[{"href":"https:\/\/salvelum.com\/et\/wp-json\/wp\/v2\/types\/page"}],"author":[{"embeddable":true,"href":"https:\/\/salvelum.com\/et\/wp-json\/wp\/v2\/users\/1"}],"replies":[{"embeddable":true,"href":"https:\/\/salvelum.com\/et\/wp-json\/wp\/v2\/comments?post=32"}],"version-history":[{"count":69,"href":"https:\/\/salvelum.com\/et\/wp-json\/wp\/v2\/pages\/32\/revisions"}],"predecessor-version":[{"id":3619,"href":"https:\/\/salvelum.com\/et\/wp-json\/wp\/v2\/pages\/32\/revisions\/3619"}],"wp:attachment":[{"href":"https:\/\/salvelum.com\/et\/wp-json\/wp\/v2\/media?parent=32"}],"curies":[{"name":"wp","href":"https:\/\/api.w.org\/{rel}","templated":true}]}}