{"id":3227,"date":"2025-04-29T11:13:14","date_gmt":"2025-04-29T10:13:14","guid":{"rendered":"https:\/\/salvelum.com\/?page_id=3227"},"modified":"2025-04-29T11:17:21","modified_gmt":"2025-04-29T10:17:21","slug":"electrical-installation-services","status":"publish","type":"page","link":"https:\/\/salvelum.com\/et\/teenused\/elektripaigaldusteenused\/","title":{"rendered":"Elektripaigaldusteenused"},"content":{"rendered":"<div data-elementor-type=\"wp-page\" data-elementor-id=\"3227\" class=\"elementor elementor-3227\">\n\t\t\t\t<div class=\"elementor-element elementor-element-0e57fbb e-con-full e-flex e-con e-parent\" data-id=\"0e57fbb\" data-element_type=\"container\" data-e-type=\"container\">\n\t\t\t\t<div class=\"elementor-element elementor-element-9d31cd0 elementor-widget elementor-widget-vernex_service_details\" data-id=\"9d31cd0\" data-element_type=\"widget\" data-e-type=\"widget\" data-widget_type=\"vernex_service_details.default\">\n\t\t\t\t<div class=\"elementor-widget-container\">\n\t\t\t\t\t\n        <div class=\"service-details-page\">\n            <div class=\"container\">\n                <div class=\"row\">\n                    <div class=\"col-lg-12\">\n                        <div class=\"service-details-thumb mb-60\">\n                            <img decoding=\"async\" data-src=\"assets\/img\/inner-pages\/service-details-thumb-img.jpg\" alt=\"\" src=\"data:image\/svg+xml;base64,PHN2ZyB3aWR0aD0iMSIgaGVpZ2h0PSIxIiB4bWxucz0iaHR0cDovL3d3dy53My5vcmcvMjAwMC9zdmciPjwvc3ZnPg==\" class=\"lazyload\">\n                        <\/div>\n                        <div class=\"title-area mb-60\">\n                                                            <h2>TEENUSED <span>PAKKUMINE<\/span><\/h2>\n                                                        <ul class=\"tag-list\">\n                                                                    <li>\n                                        \t\t\t\t\t\t\t\t\t\t<a href=\"#\">Elektrilised seadmed<\/a>                                    <\/li>\n                                                                    <li>\n                                        \t\t\t\t\t\t\t\t\t\t<a href=\"#\">Valgustuss\u00fcsteemid<\/a>                                    <\/li>\n                                                                    <li>\n                                        \t\t\t\t\t\t\t\t\t\t<a href=\"#\">Kaablitrass<\/a>                                    <\/li>\n                                                                    <li>\n                                        \t\t\t\t\t\t\t\t\t\t<a href=\"#\">Kaabli marsruut<\/a>                                    <\/li>\n                                                                    <li>\n                                        \t\t\t\t\t\t\t\t\t\t<a href=\"#\">Automaatikas\u00fcsteemid (PLC\/SCADA)<\/a>                                    <\/li>\n                                                                    <li>\n                                        \t\t\t\t\t\t\t\t\t\t<a href=\"#\">K\u00fcttes\u00fcsteem<\/a>                                    <\/li>\n                                                                    <li>\n                                        \t\t\t\t\t\t\t\t\t\t<a href=\"#\">Maandus<\/a>                                    <\/li>\n                                                                    <li>\n                                        \t\t\t\t\t\t\t\t\t\t<a href=\"#\">Piksekaitse<\/a>                                    <\/li>\n                                                                    <li>\n                                        \t\t\t\t\t\t\t\t\t\t<a href=\"#\">Diagnostika<\/a>                                    <\/li>\n                                                                    <li>\n                                        \t\t\t\t\t\t\t\t\t\t<a href=\"#\">Hooldus<\/a>                                    <\/li>\n                                                            <\/ul>\n                        <\/div>\n                    <\/div>\n                <\/div>\n                <div class=\"row g-lg-4 gy-5 mb-120\">\n                    <div class=\"col-lg-6\">\n                        <div class=\"details-content-wrapper\">\n                                                            <p>Meie spetsialistid paigaldavad professionaalselt elektriseadmeid, k\u00fctte-, valgustus- ja automaatikas\u00fcsteeme. K\u00f5ik t\u00f6\u00f6d teostatakse kiiresti, ohutult ja t\u00e4ielikus vastavuses kehtivate standardite ja eeskirjadega. Tagame iga paigalduse usaldusv\u00e4\u00e4rsuse - see on kriitiline tegur t\u00f6\u00f6stuskeskkondades, kus ohutu ja t\u00f5hus t\u00f6\u00f6 s\u00f5ltub elektriinfrastruktuurist.<\/p>\n                                                        <span class=\"line-break\"><\/span>\n                            <span class=\"line-break\"><\/span>\n                            <ul>\n                                                                    <li>\n                                        <svg xmlns=\"http:\/\/www.w3.org\/2000\/svg\" width=\"15\" height=\"15\" viewbox=\"0 0 15 15\">\n                                            <path\n                                                d=\"M0.376831 8.16821C-0.247095 8.54593 -0.0579659 9.49862 0.662688 9.60837C1.24211 9.69666 1.52052 10.3701 1.17304 10.8431C0.740845 11.4312 1.27942 12.2389 1.98713 12.0639C2.55609 11.9231 3.07065 12.4387 2.9302 13.0088C2.75556 13.718 3.56158 14.2577 4.14855 13.8246C4.62054 13.4764 5.29275 13.7554 5.38073 14.336C5.49024 15.0581 6.44099 15.2476 6.81798 14.6224C7.12107 14.1198 7.84864 14.1198 8.15171 14.6224C8.52867 15.2476 9.47943 15.0581 9.58896 14.336C9.67707 13.7554 10.3492 13.4764 10.8211 13.8246C11.4081 14.2577 12.2142 13.718 12.0395 13.0088C11.899 12.4387 12.4136 11.9231 12.9826 12.0639C13.6903 12.2389 14.2289 11.4312 13.7967 10.8431C13.4492 10.3701 13.7276 9.69653 14.307 9.60837C15.0276 9.49864 15.2168 8.54597 14.5929 8.16821C14.0912 7.86452 14.0912 7.13547 14.5929 6.83178C15.2168 6.45407 15.0277 5.50138 14.307 5.39162C13.7276 5.30334 13.4492 4.62989 13.7967 4.15695C14.2289 3.56879 13.6903 2.76112 12.9826 2.93613C12.4136 3.07687 11.8991 2.5613 12.0395 1.99115C12.2141 1.28199 11.4081 0.742345 10.8211 1.17541C10.3492 1.52356 9.67695 1.2446 9.58896 0.664029C9.47945 -0.0580599 8.5287 -0.247606 8.15171 0.377594C7.84863 0.880237 7.12106 0.880237 6.81798 0.377594C6.44103 -0.247596 5.49027 -0.0580833 5.38073 0.664029C5.29263 1.24462 4.62054 1.5236 4.14855 1.17541C3.56158 0.742345 2.75554 1.28201 2.9302 1.99115C3.07065 2.56126 2.55612 3.07686 1.98713 2.93613C1.2794 2.76113 0.740845 3.56879 1.17304 4.15695C1.52049 4.62989 1.24209 5.30346 0.662688 5.39162C-0.0579425 5.50136 -0.247105 6.45403 0.376831 6.83178C0.878459 7.13548 0.878459 7.86453 0.376831 8.16821Z\" \/>\n                                        <\/svg>\n                                        Salvelum O\u00dc                                    <\/li>\n                                                            <\/ul>\n                            <span class=\"line-break\"><\/span>\n                            <span class=\"line-break\"><\/span>\n                                                            <h3>Meie t\u00f6\u00f6d<\/h3>\n                                                        <span class=\"line-break\"><\/span>\n                                                        <span class=\"line-break\"><\/span>\n                            <div class=\"service-details-img-grp\">\n                                <div class=\"row g-lg-3 g-4\">\n                                    <div class=\"col-md-6\">\n                                        <img data-recalc-dims=\"1\" decoding=\"async\" data-src=\"https:\/\/i0.wp.com\/salvelum.com\/wp-content\/uploads\/2025\/04\/%D0%B8%D0%B7%D0%BE%D0%B1%D1%80%D0%B0%D0%B6%D0%B5%D0%BD%D0%B8%D0%B5_viber_2022-12-02_11-35-03-551-1.jpg?ssl=1\" alt=\"banner-image\" src=\"data:image\/svg+xml;base64,PHN2ZyB3aWR0aD0iMSIgaGVpZ2h0PSIxIiB4bWxucz0iaHR0cDovL3d3dy53My5vcmcvMjAwMC9zdmciPjwvc3ZnPg==\" class=\"lazyload\">\n                                    <\/div>\n                                    <div class=\"col-md-6\">\n                                        <img data-recalc-dims=\"1\" decoding=\"async\" data-src=\"https:\/\/i0.wp.com\/salvelum.com\/wp-content\/uploads\/2025\/04\/%D0%B8%D0%B7%D0%BE%D0%B1%D1%80%D0%B0%D0%B6%D0%B5%D0%BD%D0%B8%D0%B5_viber_2022-12-02_11-35-03-641.jpg?ssl=1\" alt=\"banner-image\" src=\"data:image\/svg+xml;base64,PHN2ZyB3aWR0aD0iMSIgaGVpZ2h0PSIxIiB4bWxucz0iaHR0cDovL3d3dy53My5vcmcvMjAwMC9zdmciPjwvc3ZnPg==\" class=\"lazyload\">\n                                    <\/div>\n                                <\/div>\n                            <\/div>\n                        <\/div>\n                    <\/div>\n\n\n                    <div class=\"col-lg-6\">\n                        <div class=\"service-details-faq-area\">\n                            <div class=\"faq-wrap style-2\">\n                                <div class=\"accordion\" id=\"accordionExample\">\n                                                                            <div class=\"accordion\" id=\"accordionGeneral\">\n                                                                                            <div class=\"accordion-item\">\n                                                    <h2 class=\"accordion-header\" id=\"faqheadingOne0\">\n                                                        <button class=\"accordion-button\"\n                                                            type=\"button\"\n                                                            data-bs-toggle=\"collapse\"\n                                                            data-bs-target=\"#faqcollapse0\"\n                                                            aria-expanded=\"true\"\n                                                            aria-controls=\"faqcollapse0\">\n                                                                                                                            Elektriliste seadmete paigaldamine                                                                                                                    <\/button>\n                                                    <\/h2>\n                                                    <div id=\"faqcollapse0\"\n                                                        class=\"accordion-collapse collapse show\"\n                                                        aria-labelledby=\"faqheadingOne0\"\n                                                        data-bs-parent=\"#accordionGeneral\">\n                                                        <div class=\"accordion-body\">\n                                                                                                                            Trafode, paneelide, jaotuskastide ja muude elektriseadmete paigaldamine. Elektriliinide \u00fchendamine, kaitsel\u00fclitite ja kaitses\u00fcsteemide seadistamine. Tegeleme nii k\u00f5rge- kui ka madalpinges\u00fcsteemidega.                                                                                                                    <\/div>\n                                                    <\/div>\n                                                <\/div>\n                                                                                            <div class=\"accordion-item\">\n                                                    <h2 class=\"accordion-header\" id=\"faqheadingOne1\">\n                                                        <button class=\"accordion-button collapsed\"\n                                                            type=\"button\"\n                                                            data-bs-toggle=\"collapse\"\n                                                            data-bs-target=\"#faqcollapse1\"\n                                                            aria-expanded=\"false\"\n                                                            aria-controls=\"faqcollapse1\">\n                                                                                                                            Valgustuss\u00fcsteemide paigaldamine ja \u00fchendamine                                                                                                                    <\/button>\n                                                    <\/h2>\n                                                    <div id=\"faqcollapse1\"\n                                                        class=\"accordion-collapse collapse\"\n                                                        aria-labelledby=\"faqheadingOne1\"\n                                                        data-bs-parent=\"#accordionGeneral\">\n                                                        <div class=\"accordion-body\">\n                                                                                                                            Sise- ja v\u00e4lisvalgustuse paigaldus - alates t\u00f6\u00f6stusvalgustitest kuni avarii- ja dekoratiivvalgustiteni. Valgustuse projekteerimine vastavalt valgustuse normidele ja energiat\u00f5hususele.                                                                                                                    <\/div>\n                                                    <\/div>\n                                                <\/div>\n                                                                                            <div class=\"accordion-item\">\n                                                    <h2 class=\"accordion-header\" id=\"faqheadingOne2\">\n                                                        <button class=\"accordion-button collapsed\"\n                                                            type=\"button\"\n                                                            data-bs-toggle=\"collapse\"\n                                                            data-bs-target=\"#faqcollapse2\"\n                                                            aria-expanded=\"false\"\n                                                            aria-controls=\"faqcollapse2\">\n                                                                                                                            Kaablikanalite ja kaablikanalite paigaldamine                                                                                                                    <\/button>\n                                                    <\/h2>\n                                                    <div id=\"faqcollapse2\"\n                                                        class=\"accordion-collapse collapse\"\n                                                        aria-labelledby=\"faqheadingOne2\"\n                                                        data-bs-parent=\"#accordionGeneral\">\n                                                        <div class=\"accordion-body\">\n                                                                                                                            Kaablis\u00fcsteemide korraldamine: kaablite paigaldamine salvedesse, kaablikanalitesse, kaablikanalitesse ja lainep\u00f5histesse torudesse. Horisontaalsed ja vertikaalsed kulgemised vastavalt t\u00f6\u00f6stuslikule esteetikale ja ohutusn\u00f5uetele.                                                                                                                    <\/div>\n                                                    <\/div>\n                                                <\/div>\n                                                                                            <div class=\"accordion-item\">\n                                                    <h2 class=\"accordion-header\" id=\"faqheadingOne3\">\n                                                        <button class=\"accordion-button collapsed\"\n                                                            type=\"button\"\n                                                            data-bs-toggle=\"collapse\"\n                                                            data-bs-target=\"#faqcollapse3\"\n                                                            aria-expanded=\"false\"\n                                                            aria-controls=\"faqcollapse3\">\n                                                                                                                            Automaatikas\u00fcsteemide (SCADA\/PCS) paigaldamine ja hooldus                                                                                                                    <\/button>\n                                                    <\/h2>\n                                                    <div id=\"faqcollapse3\"\n                                                        class=\"accordion-collapse collapse\"\n                                                        aria-labelledby=\"faqheadingOne3\"\n                                                        data-bs-parent=\"#accordionGeneral\">\n                                                        <div class=\"accordion-body\">\n                                                                                                                            Automaatikakappide, kontrollerite, andurite ja ajamite paigaldamine. Protsessi juhtimiss\u00fcsteemide programmeerimine ja h\u00e4\u00e4lestamine.                                                                                                                    <\/div>\n                                                    <\/div>\n                                                <\/div>\n                                                                                            <div class=\"accordion-item\">\n                                                    <h2 class=\"accordion-header\" id=\"faqheadingOne4\">\n                                                        <button class=\"accordion-button collapsed\"\n                                                            type=\"button\"\n                                                            data-bs-toggle=\"collapse\"\n                                                            data-bs-target=\"#faqcollapse4\"\n                                                            aria-expanded=\"false\"\n                                                            aria-controls=\"faqcollapse4\">\n                                                                                                                            K\u00fcttes\u00fcsteemide paigaldamine ja \u00fchendamine                                                                                                                    <\/button>\n                                                    <\/h2>\n                                                    <div id=\"faqcollapse4\"\n                                                        class=\"accordion-collapse collapse\"\n                                                        aria-labelledby=\"faqheadingOne4\"\n                                                        data-bs-parent=\"#accordionGeneral\">\n                                                        <div class=\"accordion-body\">\n                                                                                                                            Elektriliste k\u00fcttes\u00fcsteemide paigaldamine: katuse j\u00e4\u00e4t\u00f5rje, torude, mahutite, kaablite ja pinnak\u00fctte paigaldamine. Kasutame usaldusv\u00e4\u00e4rseid soojusjuhtmeid koos reguleeritava temperatuurireguleerimisega.                                                                                                                    <\/div>\n                                                    <\/div>\n                                                <\/div>\n                                                                                            <div class=\"accordion-item\">\n                                                    <h2 class=\"accordion-header\" id=\"faqheadingOne5\">\n                                                        <button class=\"accordion-button collapsed\"\n                                                            type=\"button\"\n                                                            data-bs-toggle=\"collapse\"\n                                                            data-bs-target=\"#faqcollapse5\"\n                                                            aria-expanded=\"false\"\n                                                            aria-controls=\"faqcollapse5\">\n                                                                                                                            Maandus ja piksekaitse                                                                                                                    <\/button>\n                                                    <\/h2>\n                                                    <div id=\"faqcollapse5\"\n                                                        class=\"accordion-collapse collapse\"\n                                                        aria-labelledby=\"faqheadingOne5\"\n                                                        data-bs-parent=\"#accordionGeneral\">\n                                                        <div class=\"accordion-body\">\n                                                                                                                            T\u00f6\u00f6stusalade, hoonete ja rajatiste maandus- ja piksekaitses\u00fcsteemide paigaldamine. T\u00f6\u00f6tajate ja seadmete ohutuse tagamine.                                                                                                                    <\/div>\n                                                    <\/div>\n                                                <\/div>\n                                                                                            <div class=\"accordion-item\">\n                                                    <h2 class=\"accordion-header\" id=\"faqheadingOne6\">\n                                                        <button class=\"accordion-button collapsed\"\n                                                            type=\"button\"\n                                                            data-bs-toggle=\"collapse\"\n                                                            data-bs-target=\"#faqcollapse6\"\n                                                            aria-expanded=\"false\"\n                                                            aria-controls=\"faqcollapse6\">\n                                                                                                                            Elektriv\u00f5rkude diagnostika ja hooldus                                                                                                                    <\/button>\n                                                    <\/h2>\n                                                    <div id=\"faqcollapse6\"\n                                                        class=\"accordion-collapse collapse\"\n                                                        aria-labelledby=\"faqheadingOne6\"\n                                                        data-bs-parent=\"#accordionGeneral\">\n                                                        <div class=\"accordion-body\">\n                                                                                                                            Elektris\u00fcsteemide ja -seadmete rutiinne kontroll ja tehniline hooldus. Isolatsioonitakistuse testid, kaitsel\u00fclitite kontrollimine, soojuskujutiste tegemine ja rikete k\u00f5rvaldamine.                                                                                                                    <\/div>\n                                                    <\/div>\n                                                <\/div>\n                                                                                    <\/div>\n                                                                    <\/div>\n                            <\/div>\n                        <\/div>\n                    <\/div>\n                <\/div>\n            <\/div>\n        <\/div>\n\n\t\t\t\t<\/div>\n\t\t\t\t<\/div>\n\t\t\t\t<\/div>\n\t\t\t\t<\/div>","protected":false},"excerpt":{"rendered":"<p>SERVICES OFFERED Power equipment Lighting systems Cable tray Cable route Automation systems (PLC\/SCADA) Heating system Grounding Lightning protection Diagnostics Maintenance Our specialists professionally install electrical equipment, heating, lighting, and automation systems. All work is performed quickly, safely, and in full compliance with applicable standards and regulations. We ensure the reliability of every installation \u2014 a [&hellip;]<\/p>\n","protected":false},"author":1,"featured_media":0,"parent":32,"menu_order":0,"comment_status":"closed","ping_status":"closed","template":"","meta":{"om_disable_all_campaigns":false,"inline_featured_image":false,"_monsterinsights_skip_tracking":false,"_monsterinsights_sitenote_active":false,"_monsterinsights_sitenote_note":"","_monsterinsights_sitenote_category":0,"footnotes":""},"class_list":["post-3227","page","type-page","status-publish","hentry"],"aioseo_notices":[],"_links":{"self":[{"href":"https:\/\/salvelum.com\/et\/wp-json\/wp\/v2\/pages\/3227","targetHints":{"allow":["GET"]}}],"collection":[{"href":"https:\/\/salvelum.com\/et\/wp-json\/wp\/v2\/pages"}],"about":[{"href":"https:\/\/salvelum.com\/et\/wp-json\/wp\/v2\/types\/page"}],"author":[{"embeddable":true,"href":"https:\/\/salvelum.com\/et\/wp-json\/wp\/v2\/users\/1"}],"replies":[{"embeddable":true,"href":"https:\/\/salvelum.com\/et\/wp-json\/wp\/v2\/comments?post=3227"}],"version-history":[{"count":7,"href":"https:\/\/salvelum.com\/et\/wp-json\/wp\/v2\/pages\/3227\/revisions"}],"predecessor-version":[{"id":3237,"href":"https:\/\/salvelum.com\/et\/wp-json\/wp\/v2\/pages\/3227\/revisions\/3237"}],"up":[{"embeddable":true,"href":"https:\/\/salvelum.com\/et\/wp-json\/wp\/v2\/pages\/32"}],"wp:attachment":[{"href":"https:\/\/salvelum.com\/et\/wp-json\/wp\/v2\/media?parent=3227"}],"curies":[{"name":"wp","href":"https:\/\/api.w.org\/{rel}","templated":true}]}}