{"id":32,"date":"2025-01-02T05:14:10","date_gmt":"2025-01-02T05:14:10","guid":{"rendered":"https:\/\/vernex-wp.egenstheme.com\/?page_id=32"},"modified":"2025-05-14T13:40:17","modified_gmt":"2025-05-14T12:40:17","slug":"services","status":"publish","type":"page","link":"https:\/\/salvelum.com\/sv\/tjanster\/","title":{"rendered":"Tj\u00e4nster"},"content":{"rendered":"<div data-elementor-type=\"wp-page\" data-elementor-id=\"32\" class=\"elementor elementor-32\">\n\t\t\t\t<div class=\"elementor-element elementor-element-062a0f3 e-con-full e-flex e-con e-parent\" data-id=\"062a0f3\" data-element_type=\"container\" data-e-type=\"container\">\n\t\t\t\t<div class=\"elementor-element elementor-element-c2d1706 elementor-widget elementor-widget-vernex_service\" data-id=\"c2d1706\" data-element_type=\"widget\" data-e-type=\"widget\" data-widget_type=\"vernex_service.default\">\n\t\t\t\t<div class=\"elementor-widget-container\">\n\t\t\t\t\t\n        \n\n                    <div class=\"home1-service-section\">\n                <div class=\"container\">\n                    <div class=\"row justify-content-between align-items-end mb-80 wow animate fadeInDown\" data-wow-delay=\"200ms\" data-wow-duration=\"1500ms\">\n                        <div class=\"col-lg-4\">\n                            <div class=\"section-title\">\n                                                                    <span>V\u00e5ra byggtj\u00e4nster<\/span>\n                                                                                                    <h2>L\u00c5T OSS BYGGA MED OSS.<\/h2>\n                                                            <\/div>\n                        <\/div>\n                                                    <div class=\"col-lg-4\">\n                                <div class=\"section-content\">\n                                    <p>V\u00e5r professionalism \u00e4r grunden f\u00f6r v\u00e5r framg\u00e5ng. Vi anser att varje projekt vi \u00e5tar oss kr\u00e4ver uppm\u00e4rksamhet och precision i varje skede. Vi v\u00e4rdes\u00e4tter l\u00e5ngsiktiga relationer med v\u00e5ra kunder och str\u00e4var efter att se till att varje samarbete ger verkligt v\u00e4rde.<\/p>\n                                <\/div>\n                            <\/div>\n                                            <\/div>\n                    <div class=\"row mb-70\">\n                        <div class=\"col-lg-12\">\n                            <ul class=\"sevices-wrap\">\n                                                                    <li class=\"single-services mb-20 wow animate fadeInDown\" data-wow-delay=\"200ms\" data-wow-duration=\"1500ms\">\n                                                                                    <h3><a href=\"https:\/\/salvelum.com\/sv\/tjanster\/industriell-isolering\/\">Industriell <span>Isolering<\/span><\/a><\/h3>\n                                                                                <div class=\"content\">\n                                                                                            <p>Vi erbjuder professionella v\u00e4rmeisoleringstj\u00e4nster f\u00f6r projekt av olika komplexitet: fr\u00e5n fabriker och anl\u00e4ggningar till stora industrikomplex. <\/p>\n                                                                                        <ul class=\"tag-list\">\n                                                                                                    <li>\n                                                        \t\t\t\t\t\t\t\t\t\t\t\t\t\t<a href=\"https:\/\/salvelum.com\/sv\/tjanster\/industriell-isolering\/\">pl\u00e5telement<\/a> \n                                                                                                    <li>\n                                                        \t\t\t\t\t\t\t\t\t\t\t\t\t\t<a href=\"https:\/\/salvelum.com\/sv\/tjanster\/industriell-isolering\/\">r\u00f6rledningar<\/a> \n                                                                                                    <li>\n                                                        \t\t\t\t\t\t\t\t\t\t\t\t\t\t<a href=\"https:\/\/salvelum.com\/sv\/tjanster\/industriell-isolering\/\">tankar<\/a> \n                                                                                                    <li>\n                                                        \t\t\t\t\t\t\t\t\t\t\t\t\t\t<a href=\"https:\/\/salvelum.com\/sv\/tjanster\/industriell-isolering\/\">pannor<\/a> \n                                                                                                    <li>\n                                                        \t\t\t\t\t\t\t\t\t\t\t\t\t\t<a href=\"https:\/\/salvelum.com\/sv\/tjanster\/industriell-isolering\/\">metallstrukturer<\/a> \n                                                                                                    <li>\n                                                        \t\t\t\t\t\t\t\t\t\t\t\t\t\t<a href=\"https:\/\/salvelum.com\/sv\/tjanster\/industriell-isolering\/\">sandwichpaneler<\/a> \n                                                                                                    <li>\n                                                        \t\t\t\t\t\t\t\t\t\t\t\t\t\t<a href=\"https:\/\/salvelum.com\/sv\/tjanster\/industriell-isolering\/\">utrustning<\/a> \n                                                                                                    <li>\n                                                        \t\t\t\t\t\t\t\t\t\t\t\t\t\t<a href=\"https:\/\/salvelum.com\/sv\/tjanster\/industriell-isolering\/\">lutande tak<\/a> \n                                                                                            <\/ul>\n                                        <\/div>\n                                                                                    <div class=\"button-area\">\n                                                <a href=\"https:\/\/salvelum.com\/sv\/tjanster\/industriell-isolering\/\">\n                                                    <i class=\"bi bi-arrow-right\"><\/i>\n                                                <\/a>\n                                            <\/div>\n                                                                            <\/li>\n                                                                    <li class=\"single-services mb-20 wow animate fadeInDown\" data-wow-delay=\"200ms\" data-wow-duration=\"1500ms\">\n                                                                                    <h3><a href=\"https:\/\/salvelum.com\/sv\/tjanster\/montering-och-demontering-av-byggnadsstallningar\/\">Montering av byggnadsst\u00e4llningar <span>och demontering<\/span><\/a><\/h3>\n                                                                                <div class=\"content\">\n                                                                                            <p>Professionell och s\u00e4ker montering och demontering av byggnadsst\u00e4llningar. Vi s\u00e4kerst\u00e4ller \u00e5tkomst till arbetsomr\u00e5den p\u00e5 alla platser, vilket p\u00e5skyndar arbetet och minskar riskerna.<\/p>\n                                                                                        <ul class=\"tag-list\">\n                                                                                                    <li>\n                                                        \t\t\t\t\t\t\t\t\t\t\t\t\t\t<a href=\"https:\/\/salvelum.com\/sv\/tjanster\/montering-och-demontering-av-byggnadsstallningar\/\">Montering av byggnadsst\u00e4llningar<\/a> \n                                                                                            <\/ul>\n                                        <\/div>\n                                                                                    <div class=\"button-area\">\n                                                <a href=\"https:\/\/salvelum.com\/sv\/tjanster\/montering-och-demontering-av-byggnadsstallningar\/\">\n                                                    <i class=\"bi bi-arrow-right\"><\/i>\n                                                <\/a>\n                                            <\/div>\n                                                                            <\/li>\n                                                                    <li class=\"single-services mb-20 wow animate fadeInDown\" data-wow-delay=\"200ms\" data-wow-duration=\"1500ms\">\n                                                                                    <h3><a href=\"https:\/\/salvelum.com\/sv\/tjanster\/svetstjanster\/\">Svetsning <span>Tj\u00e4nster<\/span><\/a><\/h3>\n                                                                                <div class=\"content\">\n                                                                                            <p>Vi erbjuder ett komplett utbud av svetstj\u00e4nster - fr\u00e5n mindre reparationer till komplexa industriella installationer. Vi arbetar med alla st\u00f6rre svetsmetoder och f\u00f6ljer strikt s\u00e4kerhetsf\u00f6reskrifterna.<\/p>\n                                                                                        <ul class=\"tag-list\">\n                                                                                                    <li>\n                                                        \t\t\t\t\t\t\t\t\t\t\t\t\t\t<a href=\"https:\/\/salvelum.com\/sv\/tjanster\/svetstjanster\/\">Manuell b\u00e5gsvetsning (MMA)<\/a> \n                                                                                                    <li>\n                                                        \t\t\t\t\t\t\t\t\t\t\t\t\t\t<a href=\"https:\/\/salvelum.com\/sv\/tjanster\/svetstjanster\/\">Halvautomatisk svetsning (MIG\/MAG)<\/a> \n                                                                                                    <li>\n                                                        \t\t\t\t\t\t\t\t\t\t\t\t\t\t<a href=\"https:\/\/salvelum.com\/sv\/tjanster\/svetstjanster\/\">Svetsning med volfram inert gas (TIG)<\/a> \n                                                                                                    <li>\n                                                        \t\t\t\t\t\t\t\t\t\t\t\t\t\t<a href=\"https:\/\/salvelum.com\/sv\/tjanster\/svetstjanster\/\">r\u00f6rledningar<\/a> \n                                                                                                    <li>\n                                                        \t\t\t\t\t\t\t\t\t\t\t\t\t\t<a href=\"https:\/\/salvelum.com\/sv\/tjanster\/svetstjanster\/\">tankar<\/a> \n                                                                                                    <li>\n                                                        \t\t\t\t\t\t\t\t\t\t\t\t\t\t<a href=\"https:\/\/salvelum.com\/sv\/tjanster\/svetstjanster\/\">metallstrukturer<\/a> \n                                                                                                    <li>\n                                                        \t\t\t\t\t\t\t\t\t\t\t\t\t\t<a href=\"https:\/\/salvelum.com\/sv\/tjanster\/svetstjanster\/\">icke-standardiserade fogar<\/a> \n                                                                                                    <li>\n                                                        \t\t\t\t\t\t\t\t\t\t\t\t\t\t<a href=\"https:\/\/salvelum.com\/sv\/tjanster\/svetstjanster\/\">komponenter<\/a> \n                                                                                                    <li>\n                                                        \t\t\t\t\t\t\t\t\t\t\t\t\t\t<a href=\"https:\/\/salvelum.com\/sv\/tjanster\/svetstjanster\/\">Kvalitetskontroll av svetsade fogar<\/a> \n                                                                                            <\/ul>\n                                        <\/div>\n                                                                                    <div class=\"button-area\">\n                                                <a href=\"https:\/\/salvelum.com\/sv\/tjanster\/svetstjanster\/\">\n                                                    <i class=\"bi bi-arrow-right\"><\/i>\n                                                <\/a>\n                                            <\/div>\n                                                                            <\/li>\n                                                                    <li class=\"single-services mb-20 wow animate fadeInDown\" data-wow-delay=\"200ms\" data-wow-duration=\"1500ms\">\n                                                                                    <h3><a href=\"https:\/\/salvelum.com\/sv\/tjanster\/tjanster-for-elinstallation\/\">Elektrisk installation  <span>Tj\u00e4nster<\/span><\/a><\/h3>\n                                                                                <div class=\"content\">\n                                                                                            <p>Omfattande elinstallationstj\u00e4nster - fr\u00e5n kabeldragning till produktionsautomation. Vi arbetar med projekt av alla storlekar.<\/p>\n                                                                                        <ul class=\"tag-list\">\n                                                                                                    <li>\n                                                        \t\t\t\t\t\t\t\t\t\t\t\t\t\t<a href=\"https:\/\/salvelum.com\/sv\/tjanster\/tjanster-for-elinstallation\/\">kraftutrustning<\/a> \n                                                                                                    <li>\n                                                        \t\t\t\t\t\t\t\t\t\t\t\t\t\t<a href=\"https:\/\/salvelum.com\/sv\/tjanster\/tjanster-for-elinstallation\/\">Belysningssystem<\/a> \n                                                                                                    <li>\n                                                        \t\t\t\t\t\t\t\t\t\t\t\t\t\t<a href=\"https:\/\/salvelum.com\/sv\/tjanster\/tjanster-for-elinstallation\/\">Kabelr\u00e4nna<\/a> \n                                                                                                    <li>\n                                                        \t\t\t\t\t\t\t\t\t\t\t\t\t\t<a href=\"https:\/\/salvelum.com\/sv\/tjanster\/tjanster-for-elinstallation\/\">Kabelv\u00e4g<\/a> \n                                                                                                    <li>\n                                                        \t\t\t\t\t\t\t\t\t\t\t\t\t\t<a href=\"https:\/\/salvelum.com\/sv\/tjanster\/tjanster-for-elinstallation\/\">Automationssystem (PLC\/SCADA)<\/a> \n                                                                                                    <li>\n                                                        \t\t\t\t\t\t\t\t\t\t\t\t\t\t<a href=\"https:\/\/salvelum.com\/sv\/tjanster\/tjanster-for-elinstallation\/\">Uppv\u00e4rmningssystem<\/a> \n                                                                                                    <li>\n                                                        \t\t\t\t\t\t\t\t\t\t\t\t\t\t<a href=\"https:\/\/salvelum.com\/sv\/tjanster\/tjanster-for-elinstallation\/\">Jordning<\/a> \n                                                                                                    <li>\n                                                        \t\t\t\t\t\t\t\t\t\t\t\t\t\t<a href=\"https:\/\/salvelum.com\/sv\/tjanster\/tjanster-for-elinstallation\/\">Blixtskydd<\/a> \n                                                                                                    <li>\n                                                        \t\t\t\t\t\t\t\t\t\t\t\t\t\t<a href=\"https:\/\/salvelum.com\/sv\/tjanster\/tjanster-for-elinstallation\/\">Diagnostik<\/a> \n                                                                                                    <li>\n                                                        \t\t\t\t\t\t\t\t\t\t\t\t\t\t<a href=\"https:\/\/salvelum.com\/sv\/tjanster\/tjanster-for-elinstallation\/\">underh\u00e5ll<\/a> \n                                                                                            <\/ul>\n                                        <\/div>\n                                                                                    <div class=\"button-area\">\n                                                <a href=\"https:\/\/salvelum.com\/sv\/tjanster\/tjanster-for-elinstallation\/\">\n                                                    <i class=\"bi bi-arrow-right\"><\/i>\n                                                <\/a>\n                                            <\/div>\n                                                                            <\/li>\n                                                                    <li class=\"single-services mb-20 wow animate fadeInDown\" data-wow-delay=\"200ms\" data-wow-duration=\"1500ms\">\n                                                                                    <h3><a href=\"https:\/\/salvelum.com\/sv\/tjanster\/grundlaggning-och-betongarbeten\/\">Stiftelse och <span>Betongarbeten<\/span><\/a><\/h3>\n                                                                                <div class=\"content\">\n                                                                                            <p>Vi utf\u00f6r alla typer av grundl\u00e4ggnings- och betongarbeten, oavsett komplexitet. Vi anv\u00e4nder p\u00e5litliga material och bepr\u00f6vad teknik och f\u00f6ljer strikt byggnormerna.<\/p>\n                                                                                        <ul class=\"tag-list\">\n                                                                                                    <li>\n                                                        \t\t\t\t\t\t\t\t\t\t\t\t\t\t<a href=\"https:\/\/salvelum.com\/sv\/tjanster\/grundlaggning-och-betongarbeten\/\">Grundl\u00e4ggningsarbeten<\/a> \n                                                                                                    <li>\n                                                        \t\t\t\t\t\t\t\t\t\t\t\t\t\t<a href=\"https:\/\/salvelum.com\/sv\/tjanster\/grundlaggning-och-betongarbeten\/\">f\u00f6rst\u00e4rkning<\/a> \n                                                                                                    <li>\n                                                        \t\t\t\t\t\t\t\t\t\t\t\t\t\t<a href=\"https:\/\/salvelum.com\/sv\/tjanster\/grundlaggning-och-betongarbeten\/\">Alla typer av betongarbeten<\/a> \n                                                                                            <\/ul>\n                                        <\/div>\n                                                                                    <div class=\"button-area\">\n                                                <a href=\"https:\/\/salvelum.com\/sv\/tjanster\/grundlaggning-och-betongarbeten\/\">\n                                                    <i class=\"bi bi-arrow-right\"><\/i>\n                                                <\/a>\n                                            <\/div>\n                                                                            <\/li>\n                                                                    <li class=\"single-services mb-20 wow animate fadeInDown\" data-wow-delay=\"200ms\" data-wow-duration=\"1500ms\">\n                                                                                    <h3><a href=\"https:\/\/salvelum.com\/sv\/tjanster\/rengoring-av-byggarbetsplatser\/\">Konstruktion <span>Reng\u00f6ring av platsen<\/span><\/a><\/h3>\n                                                                                <div class=\"content\">\n                                                                                            <p>Omfattande st\u00e4dning av byggarbetsplatser i alla skeden av arbetet. Snabb och s\u00e4ker avfallshantering i enlighet med sanit\u00e4ra standarder.<\/p>\n                                                                                        <ul class=\"tag-list\">\n                                                                                                    <li>\n                                                        \t\t\t\t\t\t\t\t\t\t\t\t\t\t<a href=\"https:\/\/salvelum.com\/sv\/tjanster\/rengoring-av-byggarbetsplatser\/\">Effektivitet<\/a> \n                                                                                                    <li>\n                                                        \t\t\t\t\t\t\t\t\t\t\t\t\t\t<a href=\"https:\/\/salvelum.com\/sv\/tjanster\/rengoring-av-byggarbetsplatser\/\">precision<\/a> \n                                                                                                    <li>\n                                                        \t\t\t\t\t\t\t\t\t\t\t\t\t\t<a href=\"https:\/\/salvelum.com\/sv\/tjanster\/rengoring-av-byggarbetsplatser\/\">\u00d6verensst\u00e4mmelse med sanit\u00e4ra<\/a> \n                                                                                                    <li>\n                                                        \t\t\t\t\t\t\t\t\t\t\t\t\t\t<a href=\"https:\/\/salvelum.com\/sv\/tjanster\/rengoring-av-byggarbetsplatser\/\">milj\u00f6standarder<\/a> \n                                                                                                    <li>\n                                                        \t\t\t\t\t\t\t\t\t\t\t\t\t\t<a href=\"https:\/\/salvelum.com\/sv\/tjanster\/rengoring-av-byggarbetsplatser\/\">Uppr\u00e4tth\u00e5lla ordning under hela byggprocessen<\/a> \n                                                                                            <\/ul>\n                                        <\/div>\n                                                                                    <div class=\"button-area\">\n                                                <a href=\"https:\/\/salvelum.com\/sv\/tjanster\/rengoring-av-byggarbetsplatser\/\">\n                                                    <i class=\"bi bi-arrow-right\"><\/i>\n                                                <\/a>\n                                            <\/div>\n                                                                            <\/li>\n                                                            <\/ul>\n                        <\/div>\n                    <\/div>\n                                            <div class=\"row\">\n                            <div class=\"col-lg-12 d-flex justify-content-center\">\n                                <a href=\"https:\/\/salvelum.com\/sv\/kontakt\/\" class=\"primary-btn2 bounce_up\">\n                                    <span>\n                                        KONTAKTA OSS                                        <svg viewbox=\"0 0 13 20\">\n                                            <polyline points=\"0.5 19.5 3 19.5 12.5 10 3 0.5\"><\/polyline>\n                                        <\/svg>\n                                    <\/span>\n                                <\/a>\n                            <\/div>\n                        <\/div>\n                                    <\/div>\n            <\/div>\n        \n        \n        \n        \n        \n        \n\n\n\t\t\t\t<\/div>\n\t\t\t\t<\/div>\n\t\t\t\t<\/div>\n\t\t\t\t<\/div>","protected":false},"excerpt":{"rendered":"<p>Our Construction Services LET&#039;S BUILD WITH US. Our professionalism is the foundation of our success. We believe that every project we commit to requires attention and precision at every stage. We value long-term relationships with our clients and strive to ensure that every collaboration brings real value. Industrial Insulation We offer professional thermal insulation services [&hellip;]<\/p>\n","protected":false},"author":1,"featured_media":0,"parent":0,"menu_order":0,"comment_status":"closed","ping_status":"closed","template":"","meta":{"om_disable_all_campaigns":false,"inline_featured_image":false,"_monsterinsights_skip_tracking":false,"_monsterinsights_sitenote_active":false,"_monsterinsights_sitenote_note":"","_monsterinsights_sitenote_category":0,"footnotes":""},"class_list":["post-32","page","type-page","status-publish","hentry"],"aioseo_notices":[],"_links":{"self":[{"href":"https:\/\/salvelum.com\/sv\/wp-json\/wp\/v2\/pages\/32","targetHints":{"allow":["GET"]}}],"collection":[{"href":"https:\/\/salvelum.com\/sv\/wp-json\/wp\/v2\/pages"}],"about":[{"href":"https:\/\/salvelum.com\/sv\/wp-json\/wp\/v2\/types\/page"}],"author":[{"embeddable":true,"href":"https:\/\/salvelum.com\/sv\/wp-json\/wp\/v2\/users\/1"}],"replies":[{"embeddable":true,"href":"https:\/\/salvelum.com\/sv\/wp-json\/wp\/v2\/comments?post=32"}],"version-history":[{"count":69,"href":"https:\/\/salvelum.com\/sv\/wp-json\/wp\/v2\/pages\/32\/revisions"}],"predecessor-version":[{"id":3619,"href":"https:\/\/salvelum.com\/sv\/wp-json\/wp\/v2\/pages\/32\/revisions\/3619"}],"wp:attachment":[{"href":"https:\/\/salvelum.com\/sv\/wp-json\/wp\/v2\/media?parent=32"}],"curies":[{"name":"wp","href":"https:\/\/api.w.org\/{rel}","templated":true}]}}