{"id":3550,"date":"2025-05-14T10:01:06","date_gmt":"2025-05-14T09:01:06","guid":{"rendered":"https:\/\/salvelum.com\/?page_id=3550"},"modified":"2025-05-15T14:49:35","modified_gmt":"2025-05-15T13:49:35","slug":"projects","status":"publish","type":"page","link":"https:\/\/salvelum.com\/sv\/projekt\/","title":{"rendered":"Projekt"},"content":{"rendered":"<div data-elementor-type=\"wp-page\" data-elementor-id=\"3550\" class=\"elementor elementor-3550\">\n\t\t\t\t<div class=\"elementor-element elementor-element-b197a76 e-con-full e-flex e-con e-parent\" data-id=\"b197a76\" data-element_type=\"container\" data-e-type=\"container\">\n\t\t\t\t<div class=\"elementor-element elementor-element-428eb27 elementor-widget elementor-widget-html\" data-id=\"428eb27\" data-element_type=\"widget\" data-e-type=\"widget\" data-widget_type=\"html.default\">\n\t\t\t\t<div class=\"elementor-widget-container\">\n\t\t\t\t\t<iframe width=\"100%\" height=\"500px\" frameborder=\"0\" allowfullscreen data-src=\"https:\/\/umap.openstreetmap.fr\/ru\/map\/salvelum_1224169#5\/62.602\/25.928?scaleControl=false&miniMap=false&scrollWheelZoom=false&zoomControl=true&allowEdit=false&moreControl=true&searchControl=null&tilelayersControl=null&embedControl=null&datalayersControl=true&onLoadPanel=none&captionBar=false\" src=\"data:image\/svg+xml;base64,PHN2ZyB3aWR0aD0iMSIgaGVpZ2h0PSIxIiB4bWxucz0iaHR0cDovL3d3dy53My5vcmcvMjAwMC9zdmciPjwvc3ZnPg==\" class=\"lazyload\" data-load-mode=\"1\"><\/iframe>\t\t\t\t<\/div>\n\t\t\t\t<\/div>\n\t\t\t\t<\/div>\n\t\t<div class=\"elementor-element elementor-element-968f71f e-con-full e-flex e-con e-parent\" data-id=\"968f71f\" data-element_type=\"container\" data-e-type=\"container\">\n\t\t\t\t<div class=\"elementor-element elementor-element-c62475d elementor-widget elementor-widget-vernex_about\" data-id=\"c62475d\" data-element_type=\"widget\" data-e-type=\"widget\" data-widget_type=\"vernex_about.default\">\n\t\t\t\t<div class=\"elementor-widget-container\">\n\t\t\t\t\t\n        \n        \n\n\n                    <div class=\"home3-about-section\">\n                <div class=\"container\">\n                    <div class=\"row mb-80 wow animate fadeInDown\" data-wow-delay=\"200ms\" data-wow-duration=\"1500ms\">\n                        <div class=\"col-lg-8\">\n                            <div class=\"section-title three\">\n                                                                    <span>Bygga f\u00f6rtroende sedan 2015<\/span>\n                                                                                                    <h2>V\u00c5RA ARBETEN &amp; PROJEKT<\/h2>\n                                                                                            <\/div>\n                        <\/div>\n                    <\/div>\n                    <div class=\"about-content mb-80\">\n                        <div class=\"row justify-content-lg-end\">\n                            <div class=\"col-xl-10 col-lg-11\">\n                                <div class=\"row g-4\">\n                                                                            <div class=\"col-md-4 col-sm-6\">\n                                            <div class=\"single-content\">\n                                                                                                    <h5>V\u00e4rmeisolering och bekl\u00e4dnad av r\u00f6r<\/h5>\n                                                                                                                                                    <p>\nPlats: Kraftverket i Naistenlahti, Tammerfors\n\u00c5r: 2022\nV\u00e4rmeisolering och skyddsbekl\u00e4dnad av r\u00f6rsystem.<\/p>\n                                                                                            <\/div>\n                                        <\/div>\n                                                                            <div class=\"col-md-4 col-sm-6\">\n                                            <div class=\"single-content\">\n                                                                                                    <h5>R\u00f6r, utrustning och tankar, v\u00e4rmeisolering och bekl\u00e4dnad<\/h5>\n                                                                                                                                                    <p>\nPlats: Mets\u00e4 Fibre BTT, Kemi\nProjektets varaktighet: Oktober 2022 - december 2023\nOmfattande isolerings- och bel\u00e4ggningstj\u00e4nster f\u00f6r industrir\u00f6r, utrustning och tankar.<\/p>\n                                                                                            <\/div>\n                                        <\/div>\n                                                                            <div class=\"col-md-4 col-sm-6\">\n                                            <div class=\"single-content\">\n                                                                                                    <h5>V\u00e4rmeisolering och bekl\u00e4dnad av r\u00f6r, v\u00e4rmeisolering av pannor<\/h5>\n                                                                                                                                                    <p>\nPlats: Oulun Energia, Ule\u00e5borg\n\u00c5r: 2022\nV\u00e4rmeisolering av r\u00f6rsystem och pannkomponenter.<\/p>\n                                                                                            <\/div>\n                                        <\/div>\n                                                                            <div class=\"col-md-4 col-sm-6\">\n                                            <div class=\"single-content\">\n                                                                                                    <h5>V\u00e4rmeisolering av pannan<\/h5>\n                                                                                                                                                    <p>\nPlats: Kuusamo kraftverk, Kuusamo\n\u00c5r: 2022\nKompletta v\u00e4rmeisoleringstj\u00e4nster f\u00f6r industripannor.<\/p>\n                                                                                            <\/div>\n                                        <\/div>\n                                                                            <div class=\"col-md-4 col-sm-6\">\n                                            <div class=\"single-content\">\n                                                                                                    <h5>V\u00e4rmeisolering och bekl\u00e4dnad av r\u00f6r<\/h5>\n                                                                                                                                                    <p>\nPlats: Stora Ensos fabrik, Imatra\n\u00c5r: 2023\nInstallation av v\u00e4rmeisolering och bekl\u00e4dnad i komplexa r\u00f6rsystem.<\/p>\n                                                                                            <\/div>\n                                        <\/div>\n                                                                            <div class=\"col-md-4 col-sm-6\">\n                                            <div class=\"single-content\">\n                                                                                                    <h5>Termisk panna<\/h5>\n                                                                                                                                                    <p>\nisolering Plats: Oulun Energia, Ule\u00e5borg\nProjektets varaktighet: Maj 2023 - oktober 2023\nOmfattande tj\u00e4nster f\u00f6r isolering av v\u00e4rmepannor.<\/p>\n                                                                                            <\/div>\n                                        <\/div>\n                                                                            <div class=\"col-md-4 col-sm-6\">\n                                            <div class=\"single-content\">\n                                                                                                    <h5>V\u00e4rmeisolering och bekl\u00e4dnad av utrustning och r\u00f6r<\/h5>\n                                                                                                                                                    <p>\nPlats: Stora Enso Imatra Bruk, Imatra\nProjektets varaktighet: September 2024 - december 2024<\/p>\n                                                                                            <\/div>\n                                        <\/div>\n                                                                            <div class=\"col-md-4 col-sm-6\">\n                                            <div class=\"single-content\">\n                                                                                                    <h5>V\u00e4rmeisolering och bekl\u00e4dnad av utrustning och r\u00f6r<\/h5>\n                                                                                                                                                    <p>\nPlats: Stora Enso Enocell, Uimaharju\n\u00c5r: 2024<\/p>\n                                                                                            <\/div>\n                                        <\/div>\n                                                                            <div class=\"col-md-4 col-sm-6\">\n                                            <div class=\"single-content\">\n                                                                                                    <h5>V\u00e4rmeisolering och bekl\u00e4dnad av utrustning och r\u00f6r<\/h5>\n                                                                                                                                                    <p>\nPlats: Kotkamills Absorbex, Kotka\n\u00c5r: 2024<\/p>\n                                                                                            <\/div>\n                                        <\/div>\n                                                                            <div class=\"col-md-4 col-sm-6\">\n                                            <div class=\"single-content\">\n                                                                                                    <h5>V\u00e4rmeisolering och bekl\u00e4dnad av utrustning och r\u00f6r<\/h5>\n                                                                                                                                                    <p>\nPlats: Kuopio Energia, Kuopio\n\u00c5r: 2024<\/p>\n                                                                                            <\/div>\n                                        <\/div>\n                                                                            <div class=\"col-md-4 col-sm-6\">\n                                            <div class=\"single-content\">\n                                                                                                    <h5>V\u00e4rmeisolering och bekl\u00e4dnad av utrustning och r\u00f6r<\/h5>\n                                                                                                                                                    <p>\nPlats: Lieksa-Nevel, Lieksa\n\u00c5r: 2024<\/p>\n                                                                                            <\/div>\n                                        <\/div>\n                                                                            <div class=\"col-md-4 col-sm-6\">\n                                            <div class=\"single-content\">\n                                                                                                    <h5>V\u00e4rmeisolering och bekl\u00e4dnad av utrustning och r\u00f6r<\/h5>\n                                                                                                                                                    <p>\nPlats: Yara Siilinj\u00e4rvi, Siilinj\u00e4rvi\n\u00c5r: 2024<\/p>\n                                                                                            <\/div>\n                                        <\/div>\n                                                                            <div class=\"col-md-4 col-sm-6\">\n                                            <div class=\"single-content\">\n                                                                                                    <h5>R\u00f6r, utrustning och tankar, v\u00e4rmeisolering och bekl\u00e4dnad<\/h5>\n                                                                                                                                                    <p>\nProjekt: O750 - Stora Enso Ule\u00e5borg-projektet\nPlats: Ule\u00e5borg\n\u00c5r: 2024-2025<\/p>\n                                                                                            <\/div>\n                                        <\/div>\n                                                                            <div class=\"col-md-4 col-sm-6\">\n                                            <div class=\"single-content\">\n                                                                                                    <h5>Svetsning av tankar, v\u00e4rmeisolering och pl\u00e4tering<\/h5>\n                                                                                                                                                    <p>\nPlats: Mets\u00e4 Wood \u00c4\u00e4nekoski, \u00c4\u00e4nekoski\n\u00c5r: 2025<\/p>\n                                                                                            <\/div>\n                                        <\/div>\n                                                                            <div class=\"col-md-4 col-sm-6\">\n                                            <div class=\"single-content\">\n                                                                                                    <h5>R\u00f6r, utrustning och tankar, v\u00e4rmeisolering och bekl\u00e4dnad<\/h5>\n                                                                                                                                                    <p>\nPlats: Kemi Mets\u00e4 Fibres indunstningsenheter, Kemi\n\u00c5r: 2025<\/p>\n                                                                                            <\/div>\n                                        <\/div>\n                                                                    <\/div>\n                            <\/div>\n                        <\/div>\n                    <\/div>\n                    <div class=\"about-img wow animate fadeInUp\" data-wow-delay=\"200ms\" data-wow-duration=\"1500ms\">\n                        <img decoding=\"async\" src=\"\" alt=\"banner-image\">\n                    <\/div>\n                <\/div>\n            <\/div>\n        \n        \n        \n\n\n\n        \n\t\t\t\t<\/div>\n\t\t\t\t<\/div>\n\t\t\t\t<\/div>\n\t\t\t\t<\/div>","protected":false},"excerpt":{"rendered":"<p>Building Trust Since 2015 OUR WORKS &amp; PROJECTS Thermal insulation and cladding of pipes Location: Naistenlahti power plant, Tampere Year: 2022 Thermal insulation and protective cladding of pipe systems. Pipes, equipment and tanks, thermal insulation and cladding Location: Mets\u00e4 Fibre BTT, Kemi Project duration: October 2022 \u2013 December 2023 Comprehensive insulation and coating services for [&hellip;]<\/p>\n","protected":false},"author":1,"featured_media":0,"parent":0,"menu_order":0,"comment_status":"closed","ping_status":"closed","template":"","meta":{"om_disable_all_campaigns":false,"inline_featured_image":false,"_monsterinsights_skip_tracking":false,"_monsterinsights_sitenote_active":false,"_monsterinsights_sitenote_note":"","_monsterinsights_sitenote_category":0,"footnotes":""},"class_list":["post-3550","page","type-page","status-publish","hentry"],"aioseo_notices":[],"_links":{"self":[{"href":"https:\/\/salvelum.com\/sv\/wp-json\/wp\/v2\/pages\/3550","targetHints":{"allow":["GET"]}}],"collection":[{"href":"https:\/\/salvelum.com\/sv\/wp-json\/wp\/v2\/pages"}],"about":[{"href":"https:\/\/salvelum.com\/sv\/wp-json\/wp\/v2\/types\/page"}],"author":[{"embeddable":true,"href":"https:\/\/salvelum.com\/sv\/wp-json\/wp\/v2\/users\/1"}],"replies":[{"embeddable":true,"href":"https:\/\/salvelum.com\/sv\/wp-json\/wp\/v2\/comments?post=3550"}],"version-history":[{"count":64,"href":"https:\/\/salvelum.com\/sv\/wp-json\/wp\/v2\/pages\/3550\/revisions"}],"predecessor-version":[{"id":3677,"href":"https:\/\/salvelum.com\/sv\/wp-json\/wp\/v2\/pages\/3550\/revisions\/3677"}],"wp:attachment":[{"href":"https:\/\/salvelum.com\/sv\/wp-json\/wp\/v2\/media?parent=3550"}],"curies":[{"name":"wp","href":"https:\/\/api.w.org\/{rel}","templated":true}]}}